{"id":3856,"date":"2017-08-04T05:03:23","date_gmt":"2017-08-04T05:03:23","guid":{"rendered":"https:\/\/www.isango.com\/theguidebook\/?page_id=3856"},"modified":"2023-02-28T17:56:52","modified_gmt":"2023-02-28T17:56:52","slug":"sobre-nosotros","status":"publish","type":"page","link":"https:\/\/www.isango.com\/theguidebook\/sobre-nosotros\/","title":{"rendered":"Sobre Nosotros"},"content":{"rendered":"<h2><span style=\"font-style: italic;\">En alg\u00fan lugar, algo incre\u00edble est\u00e1 esperando para darse a conocer.<\/span> &#8211; Carl Sagan<\/h2>\n<p><em>En Guidebook<\/em> compartimos art\u00edculos informativos, viajes inspiradores y un estilo de vida para lectores de todo el mundo. Inspirados por nuestro amor por los viajes, Guidebook est\u00e1 editada y se actualiza regularmente por un equipo de isango! experto en escritura y viajes. Cada d\u00eda compartimos nuestras \u00faltimas noticias de los lugares de viajes m\u00e1s punteros, los destinos m\u00e1s inspiradores, toda la sabidur\u00eda de este mundo y mucho m\u00e1s para que pueda elegir su pr\u00f3ximo destino de viaje, prep\u00e1rese para ello y empaquete todo lo necesario para su pr\u00f3xima aventura.<\/p>\n<p>Feliz Viaje!<\/p>\n<p><img decoding=\"async\" class=\"wp-image-16844 alignleft\" src=\"https:\/\/wordpressguidebookprod.azurewebsites.net\/\/theguidebook\/wp-content\/uploads\/\/2023\/01\/isango-cs.png\" alt=\"\" width=\"145\" height=\"66\" \/><\/p>\n<p><a href=\"https:\/\/www.isango.com\/theguidebook\/es\/\"><strong>https:\/\/www.isango.com\/theguidebook\/es\/<\/strong><\/a><br \/>\nPD. Si quiere trabajar junto a nosotros, recomendar algo o dejar un comentario o nota, env\u00edenos un email a<br \/>\n<strong><a href=\"mailto:th**********@is****.com\" data-original-string=\"7NN3y1doM0rI96FR9MOmm4qhRx+5WeZkgO68WbzT1EM=\" title=\"This contact has been encoded by Anti-Spam by CleanTalk. Click to decode. To finish the decoding make sure that JavaScript is enabled in your browser.\"><span \n                data-original-string=\"7NN3y1doM0rI96FR9MOmm4qhRx+5WeZkgO68WbzT1EM=\"\n                class=\"apbct-email-encoder\"\n                title=\"This contact has been encoded by Anti-Spam by CleanTalk. Click to decode. To finish the decoding make sure that JavaScript is enabled in your browser.\">th**********@is****.com<\/span><\/a><\/strong><\/p>\n","protected":false},"excerpt":{"rendered":"<p>En alg\u00fan lugar, algo incre\u00edble est\u00e1 esperando para darse a conocer. &#8211; Carl Sagan En Guidebook compartimos art\u00edculos informativos, viajes inspiradores y&hellip;<\/p>\n","protected":false},"author":28,"featured_media":3857,"parent":0,"menu_order":0,"comment_status":"closed","ping_status":"closed","template":"","meta":{"footnotes":""},"yoast_head":"<!-- This site is optimized with the Yoast SEO plugin v22.2 - https:\/\/yoast.com\/wordpress\/plugins\/seo\/ -->\n<title>Sobre Nosotros | The Guidebook - isango!<\/title>\n<meta name=\"robots\" content=\"noindex, follow\" \/>\n<meta property=\"og:locale\" content=\"en_US\" \/>\n<meta property=\"og:type\" content=\"article\" \/>\n<meta property=\"og:title\" content=\"Sobre Nosotros | The Guidebook - isango!\" \/>\n<meta property=\"og:description\" content=\"En alg\u00fan lugar, algo incre\u00edble est\u00e1 esperando para darse a conocer. &#8211; Carl Sagan En Guidebook compartimos art\u00edculos informativos, viajes inspiradores y&hellip;\" \/>\n<meta property=\"og:url\" content=\"https:\/\/www.isango.com\/theguidebook\/sobre-nosotros\/\" \/>\n<meta property=\"og:site_name\" content=\"The Guidebook - isango!\" \/>\n<meta property=\"article:publisher\" content=\"https:\/\/www.facebook.com\/isangotravels\/\" \/>\n<meta property=\"article:modified_time\" content=\"2023-02-28T17:56:52+00:00\" \/>\n<meta property=\"og:image\" content=\"https:\/\/assets-guidebook.isango.com\/wp-content\/uploads\/2017\/08\/barley1.jpg\" \/>\n\t<meta property=\"og:image:width\" content=\"1000\" \/>\n\t<meta property=\"og:image:height\" content=\"666\" \/>\n\t<meta property=\"og:image:type\" content=\"image\/jpeg\" \/>\n<meta name=\"twitter:card\" content=\"summary_large_image\" \/>\n<meta name=\"twitter:site\" content=\"@isango\" \/>\n<meta name=\"twitter:label1\" content=\"Est. reading time\" \/>\n\t<meta name=\"twitter:data1\" content=\"1 minute\" \/>\n<!-- \/ Yoast SEO plugin. -->","yoast_head_json":{"title":"Sobre Nosotros | The Guidebook - isango!","robots":{"index":"noindex","follow":"follow"},"og_locale":"en_US","og_type":"article","og_title":"Sobre Nosotros | The Guidebook - isango!","og_description":"En alg\u00fan lugar, algo incre\u00edble est\u00e1 esperando para darse a conocer. &#8211; Carl Sagan En Guidebook compartimos art\u00edculos informativos, viajes inspiradores y&hellip;","og_url":"https:\/\/www.isango.com\/theguidebook\/sobre-nosotros\/","og_site_name":"The Guidebook - isango!","article_publisher":"https:\/\/www.facebook.com\/isangotravels\/","article_modified_time":"2023-02-28T17:56:52+00:00","og_image":[{"width":"1000","height":"666","url":"https:\/\/assets-guidebook.isango.com\/wp-content\/uploads\/2017\/08\/barley1.jpg","type":"image\/jpeg"}],"twitter_card":"summary_large_image","twitter_site":"@isango","twitter_misc":{"Est. reading time":"1 minute"},"schema":{"@context":"https:\/\/schema.org","@graph":[{"@type":"WebPage","@id":"https:\/\/www.isango.com\/theguidebook\/sobre-nosotros\/","url":"https:\/\/www.isango.com\/theguidebook\/sobre-nosotros\/","name":"Sobre Nosotros | The Guidebook - isango!","isPartOf":{"@id":"https:\/\/www.isango.com\/theguidebook\/#website"},"primaryImageOfPage":{"@id":"https:\/\/www.isango.com\/theguidebook\/sobre-nosotros\/#primaryimage"},"image":{"@id":"https:\/\/www.isango.com\/theguidebook\/sobre-nosotros\/#primaryimage"},"thumbnailUrl":"https:\/\/assets-guidebook.isango.com\/wp-content\/uploads\/2017\/08\/barley1.jpg","datePublished":"2017-08-04T05:03:23+00:00","dateModified":"2023-02-28T17:56:52+00:00","breadcrumb":{"@id":"https:\/\/www.isango.com\/theguidebook\/sobre-nosotros\/#breadcrumb"},"inLanguage":"en-US","potentialAction":[{"@type":"ReadAction","target":["https:\/\/www.isango.com\/theguidebook\/sobre-nosotros\/"]}]},{"@type":"ImageObject","inLanguage":"en-US","@id":"https:\/\/www.isango.com\/theguidebook\/sobre-nosotros\/#primaryimage","url":"https:\/\/assets-guidebook.isango.com\/wp-content\/uploads\/2017\/08\/barley1.jpg","contentUrl":"https:\/\/assets-guidebook.isango.com\/wp-content\/uploads\/2017\/08\/barley1.jpg","width":"1000","height":"666"},{"@type":"BreadcrumbList","@id":"https:\/\/www.isango.com\/theguidebook\/sobre-nosotros\/#breadcrumb","itemListElement":[{"@type":"ListItem","position":1,"name":"Home","item":"https:\/\/www.isango.com\/theguidebook\/"},{"@type":"ListItem","position":2,"name":"Sobre Nosotros"}]},{"@type":"WebSite","@id":"https:\/\/www.isango.com\/theguidebook\/#website","url":"https:\/\/www.isango.com\/theguidebook\/","name":"The Guidebook - isango!","description":"","potentialAction":[{"@type":"SearchAction","target":{"@type":"EntryPoint","urlTemplate":"https:\/\/www.isango.com\/theguidebook\/?s={search_term_string}"},"query-input":"required name=search_term_string"}],"inLanguage":"en-US"}]}},"_links":{"self":[{"href":"https:\/\/www.isango.com\/theguidebook\/wp-json\/wp\/v2\/pages\/3856"}],"collection":[{"href":"https:\/\/www.isango.com\/theguidebook\/wp-json\/wp\/v2\/pages"}],"about":[{"href":"https:\/\/www.isango.com\/theguidebook\/wp-json\/wp\/v2\/types\/page"}],"author":[{"embeddable":true,"href":"https:\/\/www.isango.com\/theguidebook\/wp-json\/wp\/v2\/users\/28"}],"replies":[{"embeddable":true,"href":"https:\/\/www.isango.com\/theguidebook\/wp-json\/wp\/v2\/comments?post=3856"}],"version-history":[{"count":5,"href":"https:\/\/www.isango.com\/theguidebook\/wp-json\/wp\/v2\/pages\/3856\/revisions"}],"predecessor-version":[{"id":16954,"href":"https:\/\/www.isango.com\/theguidebook\/wp-json\/wp\/v2\/pages\/3856\/revisions\/16954"}],"wp:featuredmedia":[{"embeddable":true,"href":"https:\/\/www.isango.com\/theguidebook\/wp-json\/wp\/v2\/media\/3857"}],"wp:attachment":[{"href":"https:\/\/www.isango.com\/theguidebook\/wp-json\/wp\/v2\/media?parent=3856"}],"curies":[{"name":"wp","href":"https:\/\/api.w.org\/{rel}","templated":true}]}}