{"id":11747,"date":"2019-09-16T15:50:46","date_gmt":"2019-09-16T15:50:46","guid":{"rendered":"https:\/\/www.isango.com\/theguidebook\/?page_id=11747"},"modified":"2023-02-28T18:01:45","modified_gmt":"2023-02-28T18:01:45","slug":"propos-de-nous","status":"publish","type":"page","link":"https:\/\/www.isango.com\/theguidebook\/propos-de-nous\/","title":{"rendered":"\u00c0 PROPOS DE NOUS"},"content":{"rendered":"<h2><span style=\"font-style: italic;\">Quelque part, quelque chose d&#8217;incroyable attend d&#8217;\u00eatre connu. &#8211; Carl Sagan<\/span><\/h2>\n<p><em>Le Guide<\/em> est le lieu o\u00f9 nous partageons des articles informatifs et inspirants sur le voyage et le style de vie avec des lecteurs du monde entier. Inspir\u00e9 par notre amour du tout ce qui concerne le voyage, Le guide est con\u00e7u et \u00e9dit\u00e9 par notre \u00e9quipe d\u00e9di\u00e9e! \u00e9crivains et experts du tourisme. Chaque jour, nous partageons nos derni\u00e8res informations en mati\u00e8re d\u2019informations de voyage locales, d\u2019inspiration de destination,sagesse mondaine et beaucoup plus pour que vous puissiez \u00eatre inspir\u00e9, pr\u00e9par\u00e9 et emball\u00e9 pour votre prochaine aventure.<\/p>\n<p>Bons voyages!<\/p>\n<p><img decoding=\"async\" class=\"wp-image-16844 alignleft\" src=\"https:\/\/wordpressguidebookprod.azurewebsites.net\/\/theguidebook\/wp-content\/uploads\/\/2023\/01\/isango-cs.png\" alt=\"\" width=\"145\" height=\"66\" \/><\/p>\n<p><a href=\"http:\/\/www.isango.com\/theguidebook\/fr\/\"><strong><u>www.isango.com\/theguidebook\/fr\/<\/u><\/strong><\/a><\/p>\n<p>Psst. Si vous souhaitez qu&#8217;on travail ensemble, recommander quelque chose ou simplement laisser une note, envoyez-nous un courrier \u00e9lectronique \u00e0\u00a0<strong><a href=\"mailto:th**********@is****.com\" data-original-string=\"7NN3y1doM0rI96FR9MOmm4qhRx+5WeZkgO68WbzT1EM=\" title=\"This contact has been encoded by Anti-Spam by CleanTalk. Click to decode. To finish the decoding make sure that JavaScript is enabled in your browser.\"><span \n                data-original-string=\"7NN3y1doM0rI96FR9MOmm4qhRx+5WeZkgO68WbzT1EM=\"\n                class=\"apbct-email-encoder\"\n                title=\"This contact has been encoded by Anti-Spam by CleanTalk. Click to decode. To finish the decoding make sure that JavaScript is enabled in your browser.\">th**********@is****.com<\/span><\/a><\/strong><\/p>\n","protected":false},"excerpt":{"rendered":"<p>Quelque part, quelque chose d&#8217;incroyable attend d&#8217;\u00eatre connu. &#8211; Carl Sagan Le Guide est le lieu o\u00f9 nous partageons des articles informatifs&hellip;<\/p>\n","protected":false},"author":28,"featured_media":11859,"parent":0,"menu_order":0,"comment_status":"closed","ping_status":"closed","template":"","meta":{"footnotes":""},"yoast_head":"<!-- This site is optimized with the Yoast SEO plugin v22.2 - https:\/\/yoast.com\/wordpress\/plugins\/seo\/ -->\n<title>\u00c0 PROPOS DE NOUS | The Guidebook - isango!<\/title>\n<meta name=\"robots\" content=\"noindex, follow\" \/>\n<meta property=\"og:locale\" content=\"en_US\" \/>\n<meta property=\"og:type\" content=\"article\" \/>\n<meta property=\"og:title\" content=\"\u00c0 PROPOS DE NOUS | The Guidebook - isango!\" \/>\n<meta property=\"og:description\" content=\"Quelque part, quelque chose d&#8217;incroyable attend d&#8217;\u00eatre connu. &#8211; Carl Sagan Le Guide est le lieu o\u00f9 nous partageons des articles informatifs&hellip;\" \/>\n<meta property=\"og:url\" content=\"https:\/\/www.isango.com\/theguidebook\/propos-de-nous\/\" \/>\n<meta property=\"og:site_name\" content=\"The Guidebook - isango!\" \/>\n<meta property=\"article:publisher\" content=\"https:\/\/www.facebook.com\/isangotravels\/\" \/>\n<meta property=\"article:modified_time\" content=\"2023-02-28T18:01:45+00:00\" \/>\n<meta property=\"og:image\" content=\"https:\/\/assets-guidebook.isango.com\/wp-content\/uploads\/2019\/09\/barley1.jpg\" \/>\n\t<meta property=\"og:image:width\" content=\"1000\" \/>\n\t<meta property=\"og:image:height\" content=\"666\" \/>\n\t<meta property=\"og:image:type\" content=\"image\/jpeg\" \/>\n<meta name=\"twitter:card\" content=\"summary_large_image\" \/>\n<meta name=\"twitter:site\" content=\"@isango\" \/>\n<meta name=\"twitter:label1\" content=\"Est. reading time\" \/>\n\t<meta name=\"twitter:data1\" content=\"1 minute\" \/>\n<!-- \/ Yoast SEO plugin. -->","yoast_head_json":{"title":"\u00c0 PROPOS DE NOUS | The Guidebook - isango!","robots":{"index":"noindex","follow":"follow"},"og_locale":"en_US","og_type":"article","og_title":"\u00c0 PROPOS DE NOUS | The Guidebook - isango!","og_description":"Quelque part, quelque chose d&#8217;incroyable attend d&#8217;\u00eatre connu. &#8211; Carl Sagan Le Guide est le lieu o\u00f9 nous partageons des articles informatifs&hellip;","og_url":"https:\/\/www.isango.com\/theguidebook\/propos-de-nous\/","og_site_name":"The Guidebook - isango!","article_publisher":"https:\/\/www.facebook.com\/isangotravels\/","article_modified_time":"2023-02-28T18:01:45+00:00","og_image":[{"width":1000,"height":666,"url":"https:\/\/assets-guidebook.isango.com\/wp-content\/uploads\/2019\/09\/barley1.jpg","type":"image\/jpeg"}],"twitter_card":"summary_large_image","twitter_site":"@isango","twitter_misc":{"Est. reading time":"1 minute"},"schema":{"@context":"https:\/\/schema.org","@graph":[{"@type":"WebPage","@id":"https:\/\/www.isango.com\/theguidebook\/propos-de-nous\/","url":"https:\/\/www.isango.com\/theguidebook\/propos-de-nous\/","name":"\u00c0 PROPOS DE NOUS | The Guidebook - isango!","isPartOf":{"@id":"https:\/\/www.isango.com\/theguidebook\/#website"},"primaryImageOfPage":{"@id":"https:\/\/www.isango.com\/theguidebook\/propos-de-nous\/#primaryimage"},"image":{"@id":"https:\/\/www.isango.com\/theguidebook\/propos-de-nous\/#primaryimage"},"thumbnailUrl":"https:\/\/assets-guidebook.isango.com\/wp-content\/uploads\/2019\/09\/barley1.jpg","datePublished":"2019-09-16T15:50:46+00:00","dateModified":"2023-02-28T18:01:45+00:00","breadcrumb":{"@id":"https:\/\/www.isango.com\/theguidebook\/propos-de-nous\/#breadcrumb"},"inLanguage":"en-US","potentialAction":[{"@type":"ReadAction","target":["https:\/\/www.isango.com\/theguidebook\/propos-de-nous\/"]}]},{"@type":"ImageObject","inLanguage":"en-US","@id":"https:\/\/www.isango.com\/theguidebook\/propos-de-nous\/#primaryimage","url":"https:\/\/assets-guidebook.isango.com\/wp-content\/uploads\/2019\/09\/barley1.jpg","contentUrl":"https:\/\/assets-guidebook.isango.com\/wp-content\/uploads\/2019\/09\/barley1.jpg","width":1000,"height":666},{"@type":"BreadcrumbList","@id":"https:\/\/www.isango.com\/theguidebook\/propos-de-nous\/#breadcrumb","itemListElement":[{"@type":"ListItem","position":1,"name":"Home","item":"https:\/\/www.isango.com\/theguidebook\/"},{"@type":"ListItem","position":2,"name":"\u00c0 PROPOS DE NOUS"}]},{"@type":"WebSite","@id":"https:\/\/www.isango.com\/theguidebook\/#website","url":"https:\/\/www.isango.com\/theguidebook\/","name":"The Guidebook - isango!","description":"","potentialAction":[{"@type":"SearchAction","target":{"@type":"EntryPoint","urlTemplate":"https:\/\/www.isango.com\/theguidebook\/?s={search_term_string}"},"query-input":"required name=search_term_string"}],"inLanguage":"en-US"}]}},"_links":{"self":[{"href":"https:\/\/www.isango.com\/theguidebook\/wp-json\/wp\/v2\/pages\/11747"}],"collection":[{"href":"https:\/\/www.isango.com\/theguidebook\/wp-json\/wp\/v2\/pages"}],"about":[{"href":"https:\/\/www.isango.com\/theguidebook\/wp-json\/wp\/v2\/types\/page"}],"author":[{"embeddable":true,"href":"https:\/\/www.isango.com\/theguidebook\/wp-json\/wp\/v2\/users\/28"}],"replies":[{"embeddable":true,"href":"https:\/\/www.isango.com\/theguidebook\/wp-json\/wp\/v2\/comments?post=11747"}],"version-history":[{"count":4,"href":"https:\/\/www.isango.com\/theguidebook\/wp-json\/wp\/v2\/pages\/11747\/revisions"}],"predecessor-version":[{"id":16957,"href":"https:\/\/www.isango.com\/theguidebook\/wp-json\/wp\/v2\/pages\/11747\/revisions\/16957"}],"wp:featuredmedia":[{"embeddable":true,"href":"https:\/\/www.isango.com\/theguidebook\/wp-json\/wp\/v2\/media\/11859"}],"wp:attachment":[{"href":"https:\/\/www.isango.com\/theguidebook\/wp-json\/wp\/v2\/media?parent=11747"}],"curies":[{"name":"wp","href":"https:\/\/api.w.org\/{rel}","templated":true}]}}